{"id":14,"date":"2025-10-06T13:58:50","date_gmt":"2025-10-06T11:58:50","guid":{"rendered":"https:\/\/www.ngx.digital\/?page_id=14"},"modified":"2025-10-23T10:54:42","modified_gmt":"2025-10-23T08:54:42","slug":"microsoft-partnership","status":"publish","type":"page","link":"https:\/\/www.ngx.digital\/en\/microsoft-partnership\/","title":{"rendered":"Microsoft partnership"},"content":{"rendered":"\n<p class=\"has-text-align-center\">Ako certifikovan\u00fd Microsoft Partner prin\u00e1\u0161ame overen\u00e9 rie\u0161enia a technol\u00f3gie, ktor\u00e9 sp\u013a\u0148aj\u00fa najvy\u0161\u0161ie \u0161tandardy kvality a bezpe\u010dnosti. Toto partnerstvo je d\u00f4kazom na\u0161ej odbornosti a schopnosti implementova\u0165 modern\u00e9 IT projekty v s\u00falade s glob\u00e1lnymi trendmi a po\u017eiadavkami trhu.<\/p>\n\n\n\n<section id=\"offerings-section-block_244deff95082ed944af5240811ae6611\" class=\"offerings-section w-full px-4 lg:px-0\">\n    <!-- Nadpis a perex - centrovan\u00e9 -->\n    <div class=\"text-center mb-8 md:mb-10 lg:mb-12\">\n        <h2 class=\"text-2xl md:text-3xl lg:text-h2 text-white mb-4 md:mb-6\">Na\u0161a spolupr\u00e1ca s Microsoftom n\u00e1m umo\u017e\u0148uje<\/h2>\n            <\/div>\n\n    <!-- Grid pon\u00fak - 4 bloky ved\u013ea seba, zarovnan\u00e9 na stred -->\n    <div class=\"flex flex-wrap justify-center items-stretch gap-6 max-w-[1224px] mx-auto\">\n        \n        <div class=\"group relative gradient-border-box backdrop-blur-[15px] bg-gradient-to-b from-[rgba(0,31,52,0.3)] to-[rgba(0,31,52,0.1)] hover:from-[#A0ACDA] hover:to-[rgba(160,172,218,0.6)] p-6 rounded-[20px] w-full sm:w-[calc(50%-12px)] lg:w-[calc(25%-18px)] flex flex-col justify-between transition-all duration-300\">\n\n            <!-- Obsah -->\n            <div class=\"flex flex-col gap-2\">\n                <h3 class=\"text-xl md:text-xl lg:text-h3 text-center text-ngx-light-blue group-hover:text-ngx-dark-blue leading-tight transition-colors\">\n                                    <\/h3>\n                <p class=\"text-body text-center text-white group-hover:text-ngx-dark-blue text-sm leading-5 transition-colors\">\n                    vyu\u017e\u00edva\u0165 pr\u00edstup k najnov\u0161\u00edm produktom a inov\u00e1ci\u00e1m                <\/p>\n            <\/div>\n        <\/div>\n        \n        <div class=\"group relative gradient-border-box backdrop-blur-[15px] bg-gradient-to-b from-[rgba(0,31,52,0.3)] to-[rgba(0,31,52,0.1)] hover:from-[#A0ACDA] hover:to-[rgba(160,172,218,0.6)] p-6 rounded-[20px] w-full sm:w-[calc(50%-12px)] lg:w-[calc(25%-18px)] flex flex-col justify-between transition-all duration-300\">\n\n            <!-- Obsah -->\n            <div class=\"flex flex-col gap-2\">\n                <h3 class=\"text-xl md:text-xl lg:text-h3 text-center text-ngx-light-blue group-hover:text-ngx-dark-blue leading-tight transition-colors\">\n                                    <\/h3>\n                <p class=\"text-body text-center text-white group-hover:text-ngx-dark-blue text-sm leading-5 transition-colors\">\n                    implementova\u0165 rie\u0161enia postaven\u00e9 na overen\u00fdch platform\u00e1ch,                <\/p>\n            <\/div>\n        <\/div>\n        \n        <div class=\"group relative gradient-border-box backdrop-blur-[15px] bg-gradient-to-b from-[rgba(0,31,52,0.3)] to-[rgba(0,31,52,0.1)] hover:from-[#A0ACDA] hover:to-[rgba(160,172,218,0.6)] p-6 rounded-[20px] w-full sm:w-[calc(50%-12px)] lg:w-[calc(25%-18px)] flex flex-col justify-between transition-all duration-300\">\n\n            <!-- Obsah -->\n            <div class=\"flex flex-col gap-2\">\n                <h3 class=\"text-xl md:text-xl lg:text-h3 text-center text-ngx-light-blue group-hover:text-ngx-dark-blue leading-tight transition-colors\">\n                                    <\/h3>\n                <p class=\"text-body text-center text-white group-hover:text-ngx-dark-blue text-sm leading-5 transition-colors\">\n                    poskytova\u0165 klientom licen\u010dn\u00e9 modely \u0161it\u00e9 na mieru                <\/p>\n            <\/div>\n        <\/div>\n        \n        <div class=\"group relative gradient-border-box backdrop-blur-[15px] bg-gradient-to-b from-[rgba(0,31,52,0.3)] to-[rgba(0,31,52,0.1)] hover:from-[#A0ACDA] hover:to-[rgba(160,172,218,0.6)] p-6 rounded-[20px] w-full sm:w-[calc(50%-12px)] lg:w-[calc(25%-18px)] flex flex-col justify-between transition-all duration-300\">\n\n            <!-- Obsah -->\n            <div class=\"flex flex-col gap-2\">\n                <h3 class=\"text-xl md:text-xl lg:text-h3 text-center text-ngx-light-blue group-hover:text-ngx-dark-blue leading-tight transition-colors\">\n                                    <\/h3>\n                <p class=\"text-body text-center text-white group-hover:text-ngx-dark-blue text-sm leading-5 transition-colors\">\n                    zabezpe\u010di\u0165 bezprobl\u00e9mov\u00fa integr\u00e1ciu Microsoft technol\u00f3gi\u00ed do existuj\u00facej infra\u0161trukt\u00fary                <\/p>\n            <\/div>\n        <\/div>\n            <\/div>\n<\/section>\n\n\n\n<div class=\"wp-block-group is-layout-constrained wp-block-group-is-layout-constrained\">\n<p class=\"has-text-align-center\">Pre na\u0161ich klientov to znamen\u00e1 istotu, \u017ee ich projekty s\u00fa postaven\u00e9 na stabiln\u00fdch a bud\u00facnosti odoln\u00fdch technol\u00f3gi\u00e1ch. Od optimaliz\u00e1cie licenci\u00ed cez cloudov\u00e9 rie\u0161enia a\u017e po implement\u00e1ciu n\u00e1strojov, ako je Microsoft Copilot \u2013 sme pripraven\u00ed prinies\u0165 V\u00e1m maxim\u00e1lnu hodnotu z invest\u00edci\u00ed do Microsoft ekosyst\u00e9mu.<\/p>\n\n\n\n<p class=\"has-text-align-center\">Spolo\u010dne s Microsoftom v\u00e1m pom\u00f4\u017eeme posun\u00fa\u0165 va\u0161e IT na vy\u0161\u0161iu \u00farove\u0148 \u2013 bezpe\u010dne, efekt\u00edvne a s oh\u013eadom na va\u0161e strategick\u00e9 ciele.<\/p>\n<\/div>\n\n\n\n<section id=\"clients-section-block_8f1921628a3056e93c5dc404ccd83309\" class=\"clients-section relative w-full px-4 lg:px-0 mb-[60px] lg:mb-[120px]\">\n    <div class=\"absolute left-1\/2 top-[200px] -translate-x-1\/2 z-10 hidden md:block\">\n        <div class=\"w-[838px] h-[510px] bg-ellipse-4 opacity-30\"><\/div>\n    <\/div>\n    <!-- Nadpis a perex - centrovan\u00e9 -->\n    <div class=\"relative text-center mb-8 md:mb-10 lg:mb-12 z-20\">\n        <h2 class=\"text-3xl md:text-4xl lg:text-h1 text-white mb-4 md:mb-6\">Pre koho pracujeme<\/h2>\n                <p class=\"text-body text-white\/90\">\n            Na\u0161e rie\u0161enia vyu\u017e\u00edvaj\u00fa organiz\u00e1cie r\u00f4zneho typu \u2013 od ve\u013ek\u00fdch korpor\u00e1ci\u00ed a \u0161t\u00e1tnej spr\u00e1vy a\u017e po men\u0161ie podniky a startupy. Ku ka\u017ed\u00e9mu klientovi pristupujeme individu\u00e1lne, s d\u00f4razom na v\u00fdsledok a dlhodob\u00fa spolupr\u00e1cu.        <\/p>\n            <\/div>\n\n    <!-- Grid typov klientov -->\n    <div class=\"relative grid grid-cols-2 md:flex md:justify-between gap-4 md:gap-6 max-w-6xl mx-auto mb-10 md:mb-12 lg:mb-15 z-20\">\n                    \n            <div class=\"group relative gradient-border-box w-full md:w-[168px] h-[150px] md:h-[186px] flex flex-col items-center justify-space-between md:mt-12 p-4 md:p-7 hover:bg-gradient-to-b hover:from-[#A0ACDA] hover:to-[rgba(160,172,218,0.6)]\">\n                                <div class=\"w-[50px] h-[50px] md:w-[60px] md:h-[60px] mb-4 md:mb-6 flex items-center justify-center text-ngx-light-blue group-hover:text-ngx-blue\">\n                    <svg width=\"62\" height=\"62\" viewBox=\"0 0 62 62\" fill=\"none\" xmlns=\"http:\/\/www.w3.org\/2000\/svg\">\n<path d=\"M58.9545 20.0908H3.04544\" stroke=\"currentColor\" stroke-linecap=\"round\" stroke-linejoin=\"round\" \/>\n<path d=\"M58.9545 41.9092H3.04544\" stroke=\"currentColor\" stroke-linecap=\"round\" stroke-linejoin=\"round\" \/>\n<path d=\"M31 61C47.5685 61 61 47.5685 61 31C61 14.4315 47.5685 1 31 1C14.4315 1 1 14.4315 1 31C1 47.5685 14.4315 61 31 61Z\" stroke=\"currentColor\" stroke-linecap=\"round\" stroke-linejoin=\"round\" \/>\n<path d=\"M31 61C23.6364 55.5455 18.7273 44.6364 18.7273 31C18.7273 17.3636 23.6364 6.45455 31 1\" stroke=\"currentColor\" stroke-linecap=\"round\" stroke-linejoin=\"round\" \/>\n<path d=\"M31 1C38.3636 6.45455 43.2727 17.3636 43.2727 31C43.2727 44.6364 38.3636 55.5455 31 61\" stroke=\"currentColor\" stroke-linecap=\"round\" stroke-linejoin=\"round\" \/>\n<\/svg>\n                <\/div>\n                                <h3 class=\"text-lg md:text-lg lg:text-h3 text-ngx-light-blue group-hover:text-ngx-blue text-center\">\n                    Korpor\u00e1cie                <\/h3>\n            <\/div>\n                    \n            <div class=\"group relative gradient-border-box w-full md:w-[168px] h-[150px] md:h-[186px] flex flex-col items-center justify-space-between md:mt-0 p-4 md:p-7 hover:bg-gradient-to-b hover:from-[#A0ACDA] hover:to-[rgba(160,172,218,0.6)]\">\n                                <div class=\"w-[50px] h-[50px] md:w-[60px] md:h-[60px] mb-4 md:mb-6 flex items-center justify-center text-ngx-light-blue group-hover:text-ngx-blue\">\n                    <svg width=\"59\" height=\"62\" viewBox=\"0 0 59 62\" fill=\"none\" xmlns=\"http:\/\/www.w3.org\/2000\/svg\">\n<path d=\"M43.8571 61.0001V6.71436H15.2857V61.0001\" stroke=\"currentColor\" stroke-linejoin=\"round\" \/>\n<path d=\"M38.1429 6.71429V1H21V6.71429\" stroke=\"currentColor\" stroke-linejoin=\"round\" \/>\n<path d=\"M25.2857 60.9999V52.4285H33.8571V60.9999\" stroke=\"currentColor\" stroke-linejoin=\"round\" \/>\n<path d=\"M15.2857 15.2856H1V60.9999H58.1429V15.2856H43.8571\" stroke=\"currentColor\" stroke-linejoin=\"round\" \/>\n<path d=\"M21 15.2856H38.1429\" stroke=\"currentColor\" stroke-linecap=\"round\" stroke-linejoin=\"round\" \/>\n<path d=\"M21 23.8572H38.1429\" stroke=\"currentColor\" stroke-linecap=\"round\" stroke-linejoin=\"round\" \/>\n<path d=\"M21 32.4285H38.1429\" stroke=\"currentColor\" stroke-linecap=\"round\" stroke-linejoin=\"round\" \/>\n<path d=\"M21 41H38.1429\" stroke=\"currentColor\" stroke-linecap=\"round\" stroke-linejoin=\"round\" \/>\n<path d=\"M49.5714 23.8572H52.4286\" stroke=\"currentColor\" stroke-linecap=\"round\" stroke-linejoin=\"round\" \/>\n<path d=\"M49.5714 32.4285H52.4286\" stroke=\"currentColor\" stroke-linecap=\"round\" stroke-linejoin=\"round\" \/>\n<path d=\"M49.5714 41H52.4286\" stroke=\"currentColor\" stroke-linecap=\"round\" stroke-linejoin=\"round\" \/>\n<path d=\"M49.5714 49.5715H52.4286\" stroke=\"currentColor\" stroke-linecap=\"round\" stroke-linejoin=\"round\" \/>\n<path d=\"M6.71429 23.8572H9.57144\" stroke=\"currentColor\" stroke-linecap=\"round\" stroke-linejoin=\"round\" \/>\n<path d=\"M6.71429 32.4285H9.57144\" stroke=\"currentColor\" stroke-linecap=\"round\" stroke-linejoin=\"round\" \/>\n<path d=\"M6.71429 41H9.57144\" stroke=\"currentColor\" stroke-linecap=\"round\" stroke-linejoin=\"round\" \/>\n<path d=\"M6.71429 49.5715H9.57144\" stroke=\"currentColor\" stroke-linecap=\"round\" stroke-linejoin=\"round\" \/>\n<\/svg>\n                <\/div>\n                                <h3 class=\"text-lg md:text-lg lg:text-h3 text-ngx-light-blue group-hover:text-ngx-blue text-center\">\n                    \u0160t\u00e1tna spr\u00e1va                <\/h3>\n            <\/div>\n                    \n            <div class=\"group relative gradient-border-box w-full md:w-[168px] h-[150px] md:h-[186px] flex flex-col items-center justify-space-between md:mt-8 p-4 md:p-7 hover:bg-gradient-to-b hover:from-[#A0ACDA] hover:to-[rgba(160,172,218,0.6)]\">\n                                <div class=\"w-[50px] h-[50px] md:w-[60px] md:h-[60px] mb-4 md:mb-6 flex items-center justify-center text-ngx-light-blue group-hover:text-ngx-blue\">\n                    <svg width=\"62\" height=\"62\" viewBox=\"0 0 62 62\" fill=\"none\" xmlns=\"http:\/\/www.w3.org\/2000\/svg\">\n<path d=\"M11.9091 61H50.0909\" stroke=\"currentColor\" stroke-linecap=\"round\" stroke-linejoin=\"round\" \/>\n<path d=\"M6.45459 55.5454C6.45459 58.5618 8.89277 61 11.9091 61\" stroke=\"currentColor\" stroke-linecap=\"round\" stroke-linejoin=\"round\" \/>\n<path d=\"M55.5455 55.5454C55.5455 58.5618 53.1073 61 50.0909 61\" stroke=\"currentColor\" stroke-linecap=\"round\" stroke-linejoin=\"round\" \/>\n<path d=\"M6.45459 22.8181V55.5454\" stroke=\"currentColor\" stroke-linecap=\"round\" stroke-linejoin=\"round\" \/>\n<path d=\"M55.5454 55.5454V22.8181\" stroke=\"currentColor\" stroke-linecap=\"round\" stroke-linejoin=\"round\" \/>\n<path d=\"M6.45459 22.8181H55.5455\" stroke=\"currentColor\" stroke-linecap=\"round\" stroke-linejoin=\"round\" \/>\n<path d=\"M22.8182 61.0001V39.1819\" stroke=\"currentColor\" stroke-linecap=\"round\" stroke-linejoin=\"round\" \/>\n<path d=\"M39.1818 61.0001V39.1819\" stroke=\"currentColor\" stroke-linecap=\"round\" stroke-linejoin=\"round\" \/>\n<path d=\"M22.8182 39.1819H39.1819\" stroke=\"currentColor\" stroke-linecap=\"round\" stroke-linejoin=\"round\" \/>\n<path d=\"M1 17.3635C1 20.3799 3.43818 22.8181 6.45455 22.8181\" stroke=\"currentColor\" stroke-linecap=\"round\" stroke-linejoin=\"round\" \/>\n<path d=\"M61 17.3635C61 20.3799 58.5618 22.8181 55.5454 22.8181\" stroke=\"currentColor\" stroke-linecap=\"round\" stroke-linejoin=\"round\" \/>\n<path d=\"M1 17.3636V1\" stroke=\"currentColor\" stroke-linecap=\"round\" stroke-linejoin=\"round\" \/>\n<path d=\"M16 22.8182V1\" stroke=\"currentColor\" stroke-linecap=\"round\" stroke-linejoin=\"round\" \/>\n<path d=\"M1 1H61\" stroke=\"currentColor\" stroke-linecap=\"round\" stroke-linejoin=\"round\" \/>\n<path d=\"M31 1V22.8182\" stroke=\"currentColor\" stroke-linecap=\"round\" stroke-linejoin=\"round\" \/>\n<path d=\"M46 1V22.8182\" stroke=\"currentColor\" stroke-linecap=\"round\" stroke-linejoin=\"round\" \/>\n<path d=\"M61 1V17.3636\" stroke=\"currentColor\" stroke-linecap=\"round\" stroke-linejoin=\"round\" \/>\n<\/svg>\n                <\/div>\n                                <h3 class=\"text-lg md:text-lg lg:text-h3 text-ngx-light-blue group-hover:text-ngx-blue text-center\">\n                    Men\u0161ie podniky                <\/h3>\n            <\/div>\n                    \n            <div class=\"group relative gradient-border-box w-full md:w-[168px] h-[150px] md:h-[186px] flex flex-col items-center justify-space-between md:mt-16 p-4 md:p-7 hover:bg-gradient-to-b hover:from-[#A0ACDA] hover:to-[rgba(160,172,218,0.6)]\">\n                                <div class=\"w-[50px] h-[50px] md:w-[60px] md:h-[60px] mb-4 md:mb-6 flex items-center justify-center text-ngx-light-blue group-hover:text-ngx-blue\">\n                    <svg width=\"62\" height=\"62\" viewBox=\"0 0 62 62\" fill=\"none\" xmlns=\"http:\/\/www.w3.org\/2000\/svg\">\n<path d=\"M61 1C61 28.2727 55.5454 28.2727 28.2727 50.0909\" stroke=\"currentColor\" stroke-linecap=\"round\" stroke-linejoin=\"round\" \/>\n<path d=\"M11.9091 33.7273C33.7272 6.45455 33.7272 1 61 1\" stroke=\"currentColor\" stroke-linecap=\"round\" stroke-linejoin=\"round\" \/>\n<path d=\"M11.9091 33.7273L28.2727 50.0909\" stroke=\"currentColor\" stroke-linecap=\"round\" stroke-linejoin=\"round\" \/>\n<path d=\"M28.2727 50.0908L33.7273 60.9999\" stroke=\"currentColor\" stroke-linecap=\"round\" stroke-linejoin=\"round\" \/>\n<path d=\"M11.9091 33.7273L1 28.2727\" stroke=\"currentColor\" stroke-linecap=\"round\" stroke-linejoin=\"round\" \/>\n<path d=\"M33.7273 60.9999L44.6364 50.0908\" stroke=\"currentColor\" stroke-linecap=\"round\" stroke-linejoin=\"round\" \/>\n<path d=\"M1 28.2726L11.9091 17.3635\" stroke=\"currentColor\" stroke-linecap=\"round\" stroke-linejoin=\"round\" \/>\n<path d=\"M44.6364 50.0909V37.2563\" stroke=\"currentColor\" stroke-linecap=\"round\" stroke-linejoin=\"round\" \/>\n<path d=\"M11.9091 17.3635H24.7436\" stroke=\"currentColor\" stroke-linecap=\"round\" stroke-linejoin=\"round\" \/>\n<path d=\"M1 61.0001C1 48.9401 6.45455 39.1819 17.3636 39.1819\" stroke=\"currentColor\" stroke-linecap=\"round\" stroke-linejoin=\"round\" \/>\n<path d=\"M22.8182 44.6365C22.8182 55.5456 13.06 61.0001 1 61.0001\" stroke=\"currentColor\" stroke-linecap=\"round\" stroke-linejoin=\"round\" \/>\n<path d=\"M39.1818 28.2726C42.1943 28.2726 44.6364 25.8305 44.6364 22.8181C44.6364 19.8056 42.1943 17.3635 39.1818 17.3635C36.1694 17.3635 33.7273 19.8056 33.7273 22.8181C33.7273 25.8305 36.1694 28.2726 39.1818 28.2726Z\" stroke=\"currentColor\" stroke-linecap=\"round\" stroke-linejoin=\"round\" \/>\n<\/svg>\n                <\/div>\n                                <h3 class=\"text-lg md:text-lg lg:text-h3 text-ngx-light-blue group-hover:text-ngx-blue text-center\">\n                    Startupy                <\/h3>\n            <\/div>\n            <\/div>\n\n    <!-- Text nad CTA tla\u010didlom -->\n            <div class=\"relative text-center mb-3 md:mb-4 z-20\">\n            <p class=\"font-['Host_Grotesk:Regular',_sans-serif] leading-[20px] text-white text-sm md:text-[16px]\">\n                H\u013ead\u00e1te spo\u013eahliv\u00e9ho partnera pre va\u0161e rie\u0161enie?            <\/p>\n        <\/div>\n    \n    <!-- CTA Tla\u010didlo -->\n            <div class=\"relative flex justify-center z-20\">\n            <a href=\"https:\/\/www.ngx.digital\/kontakt\/\"\n            class=\"bg-white flex gap-[30px] items-center justify-center px-[15px] py-[8px] rounded-[50px] hover:bg-white\/90 transition-colors\"\n            >\n                <span class=\"text-ngx-dark-blue-1\">\n                    Kontaktujte n\u00e1s                <\/span>\n                <div class=\"h-[15px] w-[16.667px] flex-shrink-0\">\n                    <svg class=\"w-full h-full text-ngx-dark-blue-1\" viewBox=\"0 0 18 17\" fill=\"none\" xmlns=\"http:\/\/www.w3.org\/2000\/svg\">\n                        <path d=\"M0 8.5L16.6667 8.5\" stroke=\"currentColor\"\/>\n                        <path d=\"M9.16666 1L16.6667 8.5L9.16666 16\" stroke=\"currentColor\"\/>\n                    <\/svg>\n                <\/div>\n            <\/a>\n        <\/div>\n    <\/section>\n","protected":false},"excerpt":{"rendered":"<p>Ako certifikovan\u00fd Microsoft Partner prin\u00e1\u0161ame overen\u00e9 rie\u0161enia a technol\u00f3gie, ktor\u00e9 sp\u013a\u0148aj\u00fa najvy\u0161\u0161ie \u0161tandardy kvality a bezpe\u010dnosti. Toto partnerstvo je d\u00f4kazom na\u0161ej odbornosti a schopnosti implementova\u0165 modern\u00e9 IT projekty v s\u00falade s glob\u00e1lnymi trendmi a po\u017eiadavkami trhu. Pre na\u0161ich klientov to znamen\u00e1 istotu, \u017ee ich projekty s\u00fa postaven\u00e9 na stabiln\u00fdch a bud\u00facnosti odoln\u00fdch technol\u00f3gi\u00e1ch. Od optimaliz\u00e1cie [&hellip;]<\/p>\n","protected":false},"author":1,"featured_media":0,"parent":0,"menu_order":0,"comment_status":"closed","ping_status":"closed","template":"","meta":{"_acf_changed":false,"footnotes":""},"class_list":["post-14","page","type-page","status-publish","hentry"],"acf":[],"_links":{"self":[{"href":"https:\/\/www.ngx.digital\/en\/wp-json\/wp\/v2\/pages\/14","targetHints":{"allow":["GET"]}}],"collection":[{"href":"https:\/\/www.ngx.digital\/en\/wp-json\/wp\/v2\/pages"}],"about":[{"href":"https:\/\/www.ngx.digital\/en\/wp-json\/wp\/v2\/types\/page"}],"author":[{"embeddable":true,"href":"https:\/\/www.ngx.digital\/en\/wp-json\/wp\/v2\/users\/1"}],"replies":[{"embeddable":true,"href":"https:\/\/www.ngx.digital\/en\/wp-json\/wp\/v2\/comments?post=14"}],"version-history":[{"count":4,"href":"https:\/\/www.ngx.digital\/en\/wp-json\/wp\/v2\/pages\/14\/revisions"}],"predecessor-version":[{"id":279,"href":"https:\/\/www.ngx.digital\/en\/wp-json\/wp\/v2\/pages\/14\/revisions\/279"}],"wp:attachment":[{"href":"https:\/\/www.ngx.digital\/en\/wp-json\/wp\/v2\/media?parent=14"}],"curies":[{"name":"wp","href":"https:\/\/api.w.org\/{rel}","templated":true}]}}