{"id":16,"date":"2025-10-06T13:59:03","date_gmt":"2025-10-06T11:59:03","guid":{"rendered":"https:\/\/www.ngx.digital\/?page_id=16"},"modified":"2025-12-02T15:49:32","modified_gmt":"2025-12-02T14:49:32","slug":"contact","status":"publish","type":"page","link":"https:\/\/www.ngx.digital\/en\/contact\/","title":{"rendered":"Contact"},"content":{"rendered":"\n<div class=\"wp-block-contact-form-7-contact-form-selector w-full p-4\">\n<div class=\"wpcf7 no-js\" id=\"wpcf7-f247-o1\" lang=\"sk-SK\" dir=\"ltr\" data-wpcf7-id=\"247\">\n<div class=\"screen-reader-response\"><p role=\"status\" aria-live=\"polite\" aria-atomic=\"true\"><\/p> <ul><\/ul><\/div>\n<form action=\"\/en\/wp-json\/wp\/v2\/pages\/16#wpcf7-f247-o1\" method=\"post\" class=\"wpcf7-form init\" aria-label=\"Contact form\" novalidate=\"novalidate\" data-status=\"init\">\n<fieldset class=\"hidden-fields-container\"><input type=\"hidden\" name=\"_wpcf7\" value=\"247\" \/><input type=\"hidden\" name=\"_wpcf7_version\" value=\"6.1.5\" \/><input type=\"hidden\" name=\"_wpcf7_locale\" value=\"sk_SK\" \/><input type=\"hidden\" name=\"_wpcf7_unit_tag\" value=\"wpcf7-f247-o1\" \/><input type=\"hidden\" name=\"_wpcf7_container_post\" value=\"0\" \/><input type=\"hidden\" name=\"_wpcf7_posted_data_hash\" value=\"\" \/><input type=\"hidden\" name=\"_wpcf7_recaptcha_response\" value=\"\" \/>\n<\/fieldset>\n<!-- Contact Form Section -->\n<div class=\"max-w-[1224px] mx-auto mb-[90px]\">\n\t<div class=\"relative gradient-border-box p-[60px]\">\n\t\t<form method=\"POST\" action=\"\" class=\"contact-form relative z-10\">\n\n <!-- Row 1: Meno a E-mail ved\u013ea seba -->\n\t\t\t<div class=\"grid grid-cols-1 md:grid-cols-2 gap-[24px] mb-[30px]\">\n <!-- Meno Field -->\n\t\t\t\t<div class=\"form-group\">\n\t\t\t\t\t<p><label for=\"contact_name\" class=\"block text-white text-[16px] leading-[20px] font-normal mb-[10px]\"><br \/>\nMeno<br \/>\n<\/label><br \/>\n<span class=\"wpcf7-form-control-wrap\" data-name=\"your-name\"><input size=\"40\" maxlength=\"400\" class=\"wpcf7-form-control wpcf7-text wpcf7-validates-as-required w-full bg-transparent border-0 border-b border-white30 text-white pb-4 outline-none transition-colors focusborder-white placeholder-white50\" aria-required=\"true\" aria-invalid=\"false\" placeholder=\"\" value=\"\" type=\"text\" name=\"your-name\" \/><\/span>\n\t\t\t\t\t<\/p>\n\t\t\t\t<\/div>\n\n <!-- E-mail Field -->\n\t\t\t\t<div class=\"form-group\">\n\t\t\t\t\t<p><label for=\"contact_email\" class=\"block text-white text-[16px] leading-[20px] font-normal mb-[10px]\"><br \/>\nE-mail<br \/>\n<\/label><br \/>\n<span class=\"wpcf7-form-control-wrap\" data-name=\"your-email\"><input size=\"40\" maxlength=\"400\" class=\"wpcf7-form-control wpcf7-email wpcf7-validates-as-required wpcf7-text wpcf7-validates-as-email w-full bg-transparent border-0 border-b border-white30 text-white pb-4 outline-none transition-colors focusborder-white placeholder-white50\" aria-required=\"true\" aria-invalid=\"false\" placeholder=\"\" value=\"\" type=\"email\" name=\"your-email\" \/><\/span>\n\t\t\t\t\t<\/p>\n\t\t\t\t<\/div>\n\t\t\t<\/div>\n\n <!-- Row 2: Spr\u00e1va na cel\u00fa \u0161\u00edrku -->\n\t\t\t<div class=\"form-group mb-[30px]\">\n\t\t\t\t<p><label for=\"contact_message\" class=\"block text-white text-[16px] leading-[20px] font-normal mb-[10px]\"><br \/>\nSpr\u00e1va<br \/>\n<\/label><br \/>\n<span class=\"wpcf7-form-control-wrap\" data-name=\"your-message\"><textarea cols=\"40\" rows=\"10\" maxlength=\"2000\" class=\"wpcf7-form-control wpcf7-textarea wpcf7-validates-as-required w-full bg-transparent border-0 border-b border-white30 text-white pb-4 outline-none resize-none transition-colors focusborder-white placeholder-white50\" aria-required=\"true\" aria-invalid=\"false\" placeholder=\"\" name=\"your-message\"><\/textarea><\/span>\n\t\t\t\t<\/p>\n\t\t\t<\/div>\n\t\t\t<div class=\"form-group mb-[30px]\">\n\t\t\t\t<p><span class=\"wpcf7-form-control-wrap\" data-name=\"acceptance-905\"><span class=\"wpcf7-form-control wpcf7-acceptance\"><span class=\"wpcf7-list-item\"><label><input type=\"checkbox\" name=\"acceptance-905\" value=\"1\" aria-invalid=\"false\" \/><span class=\"wpcf7-list-item-label\">S\u00falas\u00edm so spracovan\u00edm osobn\u00fdch \u00fadajov<\/span><\/label><\/span><\/span><\/span>\n\t\t\t\t<\/p>\n\t\t\t<\/div>\n\n <!-- Submit Button -->\n\t\t\t<div class=\"flex justify-center\">\n\t\t\t\t<p><input class=\"wpcf7-form-control wpcf7-submit has-spinner inline-flex items-center gap-16 bg-ngx-light-blue text-ngx-dark-blue-1 px-16 leading-10 py-4 rounded-24 cursor-pointer transition-all duration-200 hoverbg-ngx-light-blue90 hoverscale-105 btn link-arrow-right\" type=\"submit\" value=\"Odosla\u0165\" \/>\n\t\t\t\t<\/p>\n\t\t\t<\/div>\n\t\t<\/form>\n\t<\/div>\n<\/div><div class=\"wpcf7-response-output\" aria-hidden=\"true\"><\/div>\n<\/form>\n<\/div>\n<\/div>\n\n\n\n<div class=\"wp-block-columns w-full p-4 is-layout-flex wp-container-core-columns-is-layout-28f84493 wp-block-columns-is-layout-flex\">\n<div class=\"wp-block-column is-layout-flow wp-block-column-is-layout-flow\">\n<p>NGX, s.r.o.<br>Banc\u00edkovej 1\/A<br>821 03 Bratislava<\/p>\n<\/div>\n\n\n\n<div class=\"wp-block-column is-layout-flow wp-block-column-is-layout-flow\">\n<p>I\u010cO: 51881560<br>DI\u010c: 2120829337<br>I\u010c DPH: SK2120829337<\/p>\n<\/div>\n\n\n\n<div class=\"wp-block-column is-layout-flow wp-block-column-is-layout-flow\">\n<p><a href=\"tel:421915898353\">+421 915 898 353<\/a><br><a class=\"btn link-arrow-right\" href=\"mailto:info@ngx.sk\">info@ngx.sk<\/a><\/p>\n<\/div>\n<\/div>\n","protected":false},"excerpt":{"rendered":"<p>NGX, s.r.o.Banc\u00edkovej 1\/A821 03 Bratislava Reg.No.: 51881560VAT No.: 2120829337VAT No.: SK2120829337 +421 915 898 353info@ngx.sk<\/p>","protected":false},"author":1,"featured_media":0,"parent":0,"menu_order":0,"comment_status":"closed","ping_status":"closed","template":"","meta":{"_acf_changed":false,"footnotes":""},"class_list":["post-16","page","type-page","status-publish","hentry"],"acf":[],"_links":{"self":[{"href":"https:\/\/www.ngx.digital\/en\/wp-json\/wp\/v2\/pages\/16","targetHints":{"allow":["GET"]}}],"collection":[{"href":"https:\/\/www.ngx.digital\/en\/wp-json\/wp\/v2\/pages"}],"about":[{"href":"https:\/\/www.ngx.digital\/en\/wp-json\/wp\/v2\/types\/page"}],"author":[{"embeddable":true,"href":"https:\/\/www.ngx.digital\/en\/wp-json\/wp\/v2\/users\/1"}],"replies":[{"embeddable":true,"href":"https:\/\/www.ngx.digital\/en\/wp-json\/wp\/v2\/comments?post=16"}],"version-history":[{"count":8,"href":"https:\/\/www.ngx.digital\/en\/wp-json\/wp\/v2\/pages\/16\/revisions"}],"predecessor-version":[{"id":301,"href":"https:\/\/www.ngx.digital\/en\/wp-json\/wp\/v2\/pages\/16\/revisions\/301"}],"wp:attachment":[{"href":"https:\/\/www.ngx.digital\/en\/wp-json\/wp\/v2\/media?parent=16"}],"curies":[{"name":"wp","href":"https:\/\/api.w.org\/{rel}","templated":true}]}}