{"id":179,"date":"2025-10-17T11:03:48","date_gmt":"2025-10-17T09:03:48","guid":{"rendered":"https:\/\/www.ngx.digital\/?page_id=179"},"modified":"2025-10-23T10:48:09","modified_gmt":"2025-10-23T08:48:09","slug":"licensing-consulting-and-optimization-of-licensing-costs-for-your-organization","status":"publish","type":"page","link":"https:\/\/www.ngx.digital\/en\/services\/licensing-consulting-and-optimization-of-licensing-costs-for-your-organization\/","title":{"rendered":"Licensing consulting and optimization of licensing costs for your organization"},"content":{"rendered":"\n<p class=\"has-text-align-center\">Vo svete modern\u00e9ho podnikania hr\u00e1 spr\u00e1va softv\u00e9rov\u00fdch licenci\u00ed a&nbsp;online slu\u017aieb k\u013e\u00fa\u010dov\u00fa \u00falohu pri zabezpe\u010den\u00ed efekt\u00edvneho prev\u00e1dzkovania a hospod\u00e1renia s IT prostriedkami. Z tohto d\u00f4vodu si na\u0161i \u0161pecialisti s dlhoro\u010dn\u00fdmi sk\u00fasenos\u0165ami v oblasti softv\u00e9rov\u00fdch auditov a riadenia \u017eivotn\u00e9ho cyklu softwaru klad\u00fa za cie\u013e zabezpe\u010di\u0165, \u017ee va\u0161a organiz\u00e1cia m\u00e1 licen\u010dn\u00fa strat\u00e9giu, ktor\u00e1 je finan\u010dne efekt\u00edvna, v s\u00falade s Va\u0161imi potrebami a z\u00e1rove\u0148 dodr\u017eiava definovan\u00e9 pravidl\u00e1 v\u00fdrobcov.<\/p>\n\n\n\n<div class=\"wp-block-group is-layout-constrained wp-block-group-is-layout-constrained\">\n<h2 class=\"wp-block-heading has-text-align-center\"><strong>Ako m\u00f4\u017eeme va\u0161ej organiz\u00e1cii pom\u00f4c\u0165:<\/strong><\/h2>\n\n\n\n<div class=\"wp-block-group is-layout-constrained wp-block-group-is-layout-constrained\">\n<p class=\"has-text-align-center\">Softv\u00e9rov\u00fd audit a anal\u00fdza pou\u017e\u00edvania softwaru: Na\u0161i odborn\u00edci vykon\u00e1vaj\u00fa d\u00f4kladn\u00fd softv\u00e9rov\u00fd audit, aby identifikovali v\u0161etok softv\u00e9r a slu\u017eby, ktor\u00e9 va\u0161a organiz\u00e1cia pou\u017e\u00edva.<\/p>\n\n\n\n<p class=\"has-text-align-center\">Optimaliz\u00e1cia n\u00e1kladov: S d\u00f4kladn\u00fdm poh\u013eadom na v\u00e1\u0161 softv\u00e9rov\u00fd ekosyst\u00e9m dok\u00e1\u017eeme identifikova\u0165 rizik\u00e1 ako aj nadbyto\u010dn\u00e9 licen\u010dn\u00e9 n\u00e1klady. Na\u0161ou snahou je n\u00e1js\u0165 optim\u00e1lnu rovnov\u00e1hu medzi pr\u00e1vami v\u00fdrobcov a efekt\u00edvnym vyu\u017eit\u00edm licenci\u00ed, alebo cloudov\u00fdch slu\u017e\u00edeb, \u010do m\u00f4\u017ee v\u00fdznamne zn\u00ed\u017ei\u0165 n\u00e1klady.<\/p>\n\n\n\n<p class=\"has-text-align-center\">Zavedenie softv\u00e9rov\u00e9ho aktiva\u010dn\u00e9ho mana\u017ementu (SAM): Jedn\u00fdm z naj\u00fa\u010dinnej\u0161\u00edch sp\u00f4sobov, ako optimalizova\u0165 licen\u010dn\u00e9 n\u00e1klady, je zavedenie SAM do organiz\u00e1cie. Pod\u013ea Gartneru m\u00f4\u017ee zavedenie SAM priemerne vies\u0165 k \u00faspore a\u017e 30% n\u00e1kladov na licencie. Na\u0161i odborn\u00edci v\u00e1m pom\u00f4\u017eu implementova\u0165 efekt\u00edvne procesy a n\u00e1stroje pre spr\u00e1vu akt\u00edv a licenci\u00ed.<\/p>\n<\/div>\n<\/div>\n\n\n\n<div class=\"wp-block-group is-layout-constrained wp-block-group-is-layout-constrained\">\n<h2 class=\"wp-block-heading has-text-align-center\"><strong>Pre\u010do NGX:<\/strong><\/h2>\n\n\n\n<div class=\"wp-block-group is-layout-constrained wp-block-group-is-layout-constrained\">\n<p class=\"has-text-align-center\">M\u00e1me bohat\u00e9 sk\u00fasenosti na trhu a na\u0161e slu\u017eby boli potvrden\u00e9 ako prostriedok, ako dosiahnu\u0165 efekt\u00edvne riadenie softv\u00e9rov\u00fdch akt\u00edv a z\u00e1rove\u0148 maximalizova\u0165 hodnotu softv\u00e9rov\u00fdch invest\u00edci\u00ed. <\/p>\n\n\n\n<p class=\"has-text-align-center\">Ak ste pripraven\u00ed zv\u00fd\u0161i\u0165 transparentnos\u0165 v oblasti licenci\u00ed a&nbsp;cloudovych slu\u017eieb, optimalizova\u0165 n\u00e1klady a zn\u00ed\u017ei\u0165 rizik\u00e1 spojen\u00e9 s licenciami vo va\u0161ej organiz\u00e1cii, obr\u00e1\u0165te sa na n\u00e1s. Sme tu, aby sme v\u00e1m pomohli.<\/p>\n<\/div>\n<\/div>\n\n\n\n<section id=\"clients-section-block_d860e77cde0e0d21651fad8c309f12d5\" class=\"clients-section relative w-full px-4 lg:px-0 mb-[60px] lg:mb-[120px]\">\n    <div class=\"absolute left-1\/2 top-[200px] -translate-x-1\/2 z-10 hidden md:block\">\n        <div class=\"w-[838px] h-[510px] bg-ellipse-4 opacity-30\"><\/div>\n    <\/div>\n    <!-- Nadpis a perex - centrovan\u00e9 -->\n    <div class=\"relative text-center mb-8 md:mb-10 lg:mb-12 z-20\">\n        <h2 class=\"text-3xl md:text-4xl lg:text-h1 text-white mb-4 md:mb-6\">Pre koho pracujeme<\/h2>\n                <p class=\"text-body text-white\/90\">\n            Na\u0161e rie\u0161enia vyu\u017e\u00edvaj\u00fa organiz\u00e1cie r\u00f4zneho typu \u2013 od ve\u013ek\u00fdch korpor\u00e1ci\u00ed a \u0161t\u00e1tnej spr\u00e1vy a\u017e po men\u0161ie podniky a startupy. Ku ka\u017ed\u00e9mu klientovi pristupujeme individu\u00e1lne, s d\u00f4razom na v\u00fdsledok a dlhodob\u00fa spolupr\u00e1cu.        <\/p>\n            <\/div>\n\n    <!-- Grid typov klientov -->\n    <div class=\"relative grid grid-cols-2 md:flex md:justify-between gap-4 md:gap-6 max-w-6xl mx-auto mb-10 md:mb-12 lg:mb-15 z-20\">\n                    \n            <div class=\"group relative gradient-border-box w-full md:w-[168px] h-[150px] md:h-[186px] flex flex-col items-center justify-space-between md:mt-12 p-4 md:p-7 hover:bg-gradient-to-b hover:from-[#A0ACDA] hover:to-[rgba(160,172,218,0.6)]\">\n                                <div class=\"w-[50px] h-[50px] md:w-[60px] md:h-[60px] mb-4 md:mb-6 flex items-center justify-center text-ngx-light-blue group-hover:text-ngx-blue\">\n                    <svg width=\"62\" height=\"62\" viewBox=\"0 0 62 62\" fill=\"none\" xmlns=\"http:\/\/www.w3.org\/2000\/svg\">\n<path d=\"M58.9545 20.0908H3.04544\" stroke=\"currentColor\" stroke-linecap=\"round\" stroke-linejoin=\"round\" \/>\n<path d=\"M58.9545 41.9092H3.04544\" stroke=\"currentColor\" stroke-linecap=\"round\" stroke-linejoin=\"round\" \/>\n<path d=\"M31 61C47.5685 61 61 47.5685 61 31C61 14.4315 47.5685 1 31 1C14.4315 1 1 14.4315 1 31C1 47.5685 14.4315 61 31 61Z\" stroke=\"currentColor\" stroke-linecap=\"round\" stroke-linejoin=\"round\" \/>\n<path d=\"M31 61C23.6364 55.5455 18.7273 44.6364 18.7273 31C18.7273 17.3636 23.6364 6.45455 31 1\" stroke=\"currentColor\" stroke-linecap=\"round\" stroke-linejoin=\"round\" \/>\n<path d=\"M31 1C38.3636 6.45455 43.2727 17.3636 43.2727 31C43.2727 44.6364 38.3636 55.5455 31 61\" stroke=\"currentColor\" stroke-linecap=\"round\" stroke-linejoin=\"round\" \/>\n<\/svg>\n                <\/div>\n                                <h3 class=\"text-lg md:text-lg lg:text-h3 text-ngx-light-blue group-hover:text-ngx-blue text-center\">\n                    Korpor\u00e1cie                <\/h3>\n            <\/div>\n                    \n            <div class=\"group relative gradient-border-box w-full md:w-[168px] h-[150px] md:h-[186px] flex flex-col items-center justify-space-between md:mt-0 p-4 md:p-7 hover:bg-gradient-to-b hover:from-[#A0ACDA] hover:to-[rgba(160,172,218,0.6)]\">\n                                <div class=\"w-[50px] h-[50px] md:w-[60px] md:h-[60px] mb-4 md:mb-6 flex items-center justify-center text-ngx-light-blue group-hover:text-ngx-blue\">\n                    <svg width=\"59\" height=\"62\" viewBox=\"0 0 59 62\" fill=\"none\" xmlns=\"http:\/\/www.w3.org\/2000\/svg\">\n<path d=\"M43.8571 61.0001V6.71436H15.2857V61.0001\" stroke=\"currentColor\" stroke-linejoin=\"round\" \/>\n<path d=\"M38.1429 6.71429V1H21V6.71429\" stroke=\"currentColor\" stroke-linejoin=\"round\" \/>\n<path d=\"M25.2857 60.9999V52.4285H33.8571V60.9999\" stroke=\"currentColor\" stroke-linejoin=\"round\" \/>\n<path d=\"M15.2857 15.2856H1V60.9999H58.1429V15.2856H43.8571\" stroke=\"currentColor\" stroke-linejoin=\"round\" \/>\n<path d=\"M21 15.2856H38.1429\" stroke=\"currentColor\" stroke-linecap=\"round\" stroke-linejoin=\"round\" \/>\n<path d=\"M21 23.8572H38.1429\" stroke=\"currentColor\" stroke-linecap=\"round\" stroke-linejoin=\"round\" \/>\n<path d=\"M21 32.4285H38.1429\" stroke=\"currentColor\" stroke-linecap=\"round\" stroke-linejoin=\"round\" \/>\n<path d=\"M21 41H38.1429\" stroke=\"currentColor\" stroke-linecap=\"round\" stroke-linejoin=\"round\" \/>\n<path d=\"M49.5714 23.8572H52.4286\" stroke=\"currentColor\" stroke-linecap=\"round\" stroke-linejoin=\"round\" \/>\n<path d=\"M49.5714 32.4285H52.4286\" stroke=\"currentColor\" stroke-linecap=\"round\" stroke-linejoin=\"round\" \/>\n<path d=\"M49.5714 41H52.4286\" stroke=\"currentColor\" stroke-linecap=\"round\" stroke-linejoin=\"round\" \/>\n<path d=\"M49.5714 49.5715H52.4286\" stroke=\"currentColor\" stroke-linecap=\"round\" stroke-linejoin=\"round\" \/>\n<path d=\"M6.71429 23.8572H9.57144\" stroke=\"currentColor\" stroke-linecap=\"round\" stroke-linejoin=\"round\" \/>\n<path d=\"M6.71429 32.4285H9.57144\" stroke=\"currentColor\" stroke-linecap=\"round\" stroke-linejoin=\"round\" \/>\n<path d=\"M6.71429 41H9.57144\" stroke=\"currentColor\" stroke-linecap=\"round\" stroke-linejoin=\"round\" \/>\n<path d=\"M6.71429 49.5715H9.57144\" stroke=\"currentColor\" stroke-linecap=\"round\" stroke-linejoin=\"round\" \/>\n<\/svg>\n                <\/div>\n                                <h3 class=\"text-lg md:text-lg lg:text-h3 text-ngx-light-blue group-hover:text-ngx-blue text-center\">\n                    \u0160t\u00e1tna spr\u00e1va                <\/h3>\n            <\/div>\n                    \n            <div class=\"group relative gradient-border-box w-full md:w-[168px] h-[150px] md:h-[186px] flex flex-col items-center justify-space-between md:mt-8 p-4 md:p-7 hover:bg-gradient-to-b hover:from-[#A0ACDA] hover:to-[rgba(160,172,218,0.6)]\">\n                                <div class=\"w-[50px] h-[50px] md:w-[60px] md:h-[60px] mb-4 md:mb-6 flex items-center justify-center text-ngx-light-blue group-hover:text-ngx-blue\">\n                    <svg width=\"62\" height=\"62\" viewBox=\"0 0 62 62\" fill=\"none\" xmlns=\"http:\/\/www.w3.org\/2000\/svg\">\n<path d=\"M11.9091 61H50.0909\" stroke=\"currentColor\" stroke-linecap=\"round\" stroke-linejoin=\"round\" \/>\n<path d=\"M6.45459 55.5454C6.45459 58.5618 8.89277 61 11.9091 61\" stroke=\"currentColor\" stroke-linecap=\"round\" stroke-linejoin=\"round\" \/>\n<path d=\"M55.5455 55.5454C55.5455 58.5618 53.1073 61 50.0909 61\" stroke=\"currentColor\" stroke-linecap=\"round\" stroke-linejoin=\"round\" \/>\n<path d=\"M6.45459 22.8181V55.5454\" stroke=\"currentColor\" stroke-linecap=\"round\" stroke-linejoin=\"round\" \/>\n<path d=\"M55.5454 55.5454V22.8181\" stroke=\"currentColor\" stroke-linecap=\"round\" stroke-linejoin=\"round\" \/>\n<path d=\"M6.45459 22.8181H55.5455\" stroke=\"currentColor\" stroke-linecap=\"round\" stroke-linejoin=\"round\" \/>\n<path d=\"M22.8182 61.0001V39.1819\" stroke=\"currentColor\" stroke-linecap=\"round\" stroke-linejoin=\"round\" \/>\n<path d=\"M39.1818 61.0001V39.1819\" stroke=\"currentColor\" stroke-linecap=\"round\" stroke-linejoin=\"round\" \/>\n<path d=\"M22.8182 39.1819H39.1819\" stroke=\"currentColor\" stroke-linecap=\"round\" stroke-linejoin=\"round\" \/>\n<path d=\"M1 17.3635C1 20.3799 3.43818 22.8181 6.45455 22.8181\" stroke=\"currentColor\" stroke-linecap=\"round\" stroke-linejoin=\"round\" \/>\n<path d=\"M61 17.3635C61 20.3799 58.5618 22.8181 55.5454 22.8181\" stroke=\"currentColor\" stroke-linecap=\"round\" stroke-linejoin=\"round\" \/>\n<path d=\"M1 17.3636V1\" stroke=\"currentColor\" stroke-linecap=\"round\" stroke-linejoin=\"round\" \/>\n<path d=\"M16 22.8182V1\" stroke=\"currentColor\" stroke-linecap=\"round\" stroke-linejoin=\"round\" \/>\n<path d=\"M1 1H61\" stroke=\"currentColor\" stroke-linecap=\"round\" stroke-linejoin=\"round\" \/>\n<path d=\"M31 1V22.8182\" stroke=\"currentColor\" stroke-linecap=\"round\" stroke-linejoin=\"round\" \/>\n<path d=\"M46 1V22.8182\" stroke=\"currentColor\" stroke-linecap=\"round\" stroke-linejoin=\"round\" \/>\n<path d=\"M61 1V17.3636\" stroke=\"currentColor\" stroke-linecap=\"round\" stroke-linejoin=\"round\" \/>\n<\/svg>\n                <\/div>\n                                <h3 class=\"text-lg md:text-lg lg:text-h3 text-ngx-light-blue group-hover:text-ngx-blue text-center\">\n                    Men\u0161ie podniky                <\/h3>\n            <\/div>\n                    \n            <div class=\"group relative gradient-border-box w-full md:w-[168px] h-[150px] md:h-[186px] flex flex-col items-center justify-space-between md:mt-16 p-4 md:p-7 hover:bg-gradient-to-b hover:from-[#A0ACDA] hover:to-[rgba(160,172,218,0.6)]\">\n                                <div class=\"w-[50px] h-[50px] md:w-[60px] md:h-[60px] mb-4 md:mb-6 flex items-center justify-center text-ngx-light-blue group-hover:text-ngx-blue\">\n                    <svg width=\"62\" height=\"62\" viewBox=\"0 0 62 62\" fill=\"none\" xmlns=\"http:\/\/www.w3.org\/2000\/svg\">\n<path d=\"M61 1C61 28.2727 55.5454 28.2727 28.2727 50.0909\" stroke=\"currentColor\" stroke-linecap=\"round\" stroke-linejoin=\"round\" \/>\n<path d=\"M11.9091 33.7273C33.7272 6.45455 33.7272 1 61 1\" stroke=\"currentColor\" stroke-linecap=\"round\" stroke-linejoin=\"round\" \/>\n<path d=\"M11.9091 33.7273L28.2727 50.0909\" stroke=\"currentColor\" stroke-linecap=\"round\" stroke-linejoin=\"round\" \/>\n<path d=\"M28.2727 50.0908L33.7273 60.9999\" stroke=\"currentColor\" stroke-linecap=\"round\" stroke-linejoin=\"round\" \/>\n<path d=\"M11.9091 33.7273L1 28.2727\" stroke=\"currentColor\" stroke-linecap=\"round\" stroke-linejoin=\"round\" \/>\n<path d=\"M33.7273 60.9999L44.6364 50.0908\" stroke=\"currentColor\" stroke-linecap=\"round\" stroke-linejoin=\"round\" \/>\n<path d=\"M1 28.2726L11.9091 17.3635\" stroke=\"currentColor\" stroke-linecap=\"round\" stroke-linejoin=\"round\" \/>\n<path d=\"M44.6364 50.0909V37.2563\" stroke=\"currentColor\" stroke-linecap=\"round\" stroke-linejoin=\"round\" \/>\n<path d=\"M11.9091 17.3635H24.7436\" stroke=\"currentColor\" stroke-linecap=\"round\" stroke-linejoin=\"round\" \/>\n<path d=\"M1 61.0001C1 48.9401 6.45455 39.1819 17.3636 39.1819\" stroke=\"currentColor\" stroke-linecap=\"round\" stroke-linejoin=\"round\" \/>\n<path d=\"M22.8182 44.6365C22.8182 55.5456 13.06 61.0001 1 61.0001\" stroke=\"currentColor\" stroke-linecap=\"round\" stroke-linejoin=\"round\" \/>\n<path d=\"M39.1818 28.2726C42.1943 28.2726 44.6364 25.8305 44.6364 22.8181C44.6364 19.8056 42.1943 17.3635 39.1818 17.3635C36.1694 17.3635 33.7273 19.8056 33.7273 22.8181C33.7273 25.8305 36.1694 28.2726 39.1818 28.2726Z\" stroke=\"currentColor\" stroke-linecap=\"round\" stroke-linejoin=\"round\" \/>\n<\/svg>\n                <\/div>\n                                <h3 class=\"text-lg md:text-lg lg:text-h3 text-ngx-light-blue group-hover:text-ngx-blue text-center\">\n                    Startupy                <\/h3>\n            <\/div>\n            <\/div>\n\n    <!-- Text nad CTA tla\u010didlom -->\n            <div class=\"relative text-center mb-3 md:mb-4 z-20\">\n            <p class=\"font-['Host_Grotesk:Regular',_sans-serif] leading-[20px] text-white text-sm md:text-[16px]\">\n                H\u013ead\u00e1te spo\u013eahliv\u00e9ho partnera pre va\u0161e rie\u0161enie?            <\/p>\n        <\/div>\n    \n    <!-- CTA Tla\u010didlo -->\n            <div class=\"relative flex justify-center z-20\">\n            <a href=\"https:\/\/www.ngx.digital\/kontakt\/\"\n            class=\"bg-white flex gap-[30px] items-center justify-center px-[15px] py-[8px] rounded-[50px] hover:bg-white\/90 transition-colors\"\n            >\n                <span class=\"text-ngx-dark-blue-1\">\n                    Kontaktujte n\u00e1s                <\/span>\n                <div class=\"h-[15px] w-[16.667px] flex-shrink-0\">\n                    <svg class=\"w-full h-full text-ngx-dark-blue-1\" viewBox=\"0 0 18 17\" fill=\"none\" xmlns=\"http:\/\/www.w3.org\/2000\/svg\">\n                        <path d=\"M0 8.5L16.6667 8.5\" stroke=\"currentColor\"\/>\n                        <path d=\"M9.16666 1L16.6667 8.5L9.16666 16\" stroke=\"currentColor\"\/>\n                    <\/svg>\n                <\/div>\n            <\/a>\n        <\/div>\n    <\/section>\n","protected":false},"excerpt":{"rendered":"<p>Vo svete modern\u00e9ho podnikania hr\u00e1 spr\u00e1va softv\u00e9rov\u00fdch licenci\u00ed a&nbsp;online slu\u017aieb k\u013e\u00fa\u010dov\u00fa \u00falohu pri zabezpe\u010den\u00ed efekt\u00edvneho prev\u00e1dzkovania a hospod\u00e1renia s IT prostriedkami. Z tohto d\u00f4vodu si na\u0161i \u0161pecialisti s dlhoro\u010dn\u00fdmi sk\u00fasenos\u0165ami v oblasti softv\u00e9rov\u00fdch auditov a riadenia \u017eivotn\u00e9ho cyklu softwaru klad\u00fa za cie\u013e zabezpe\u010di\u0165, \u017ee va\u0161a organiz\u00e1cia m\u00e1 licen\u010dn\u00fa strat\u00e9giu, ktor\u00e1 je finan\u010dne efekt\u00edvna, v s\u00falade [&hellip;]<\/p>\n","protected":false},"author":1,"featured_media":0,"parent":12,"menu_order":0,"comment_status":"closed","ping_status":"closed","template":"","meta":{"_acf_changed":false,"footnotes":""},"class_list":["post-179","page","type-page","status-publish","hentry"],"acf":[],"_links":{"self":[{"href":"https:\/\/www.ngx.digital\/en\/wp-json\/wp\/v2\/pages\/179","targetHints":{"allow":["GET"]}}],"collection":[{"href":"https:\/\/www.ngx.digital\/en\/wp-json\/wp\/v2\/pages"}],"about":[{"href":"https:\/\/www.ngx.digital\/en\/wp-json\/wp\/v2\/types\/page"}],"author":[{"embeddable":true,"href":"https:\/\/www.ngx.digital\/en\/wp-json\/wp\/v2\/users\/1"}],"replies":[{"embeddable":true,"href":"https:\/\/www.ngx.digital\/en\/wp-json\/wp\/v2\/comments?post=179"}],"version-history":[{"count":10,"href":"https:\/\/www.ngx.digital\/en\/wp-json\/wp\/v2\/pages\/179\/revisions"}],"predecessor-version":[{"id":272,"href":"https:\/\/www.ngx.digital\/en\/wp-json\/wp\/v2\/pages\/179\/revisions\/272"}],"up":[{"embeddable":true,"href":"https:\/\/www.ngx.digital\/en\/wp-json\/wp\/v2\/pages\/12"}],"wp:attachment":[{"href":"https:\/\/www.ngx.digital\/en\/wp-json\/wp\/v2\/media?parent=179"}],"curies":[{"name":"wp","href":"https:\/\/api.w.org\/{rel}","templated":true}]}}